{"id":10,"date":"2024-04-28T18:31:16","date_gmt":"2024-04-28T18:31:16","guid":{"rendered":"https:\/\/inplemedia.com\/?page_id=10"},"modified":"2025-01-09T15:10:49","modified_gmt":"2025-01-09T15:10:49","slug":"inicio","status":"publish","type":"page","link":"https:\/\/inplemedia.com\/en\/","title":{"rendered":"Inicio"},"content":{"rendered":"<p>[et_pb_section fb_built=&#8221;1&#8243; _builder_version=&#8221;4.27.0&#8243; _module_preset=&#8221;default&#8221; background_color=&#8221;rgba(0,0,0,0.37)&#8221; background_image=&#8221;https:\/\/inplemedia.com\/wp-content\/uploads\/2024\/08\/bg_inplemedia.webp&#8221; background_repeat=&#8221;round&#8221; background_blend=&#8221;overlay&#8221; background_enable_video_mp4=&#8221;off&#8221; background_video_pause_outside_viewport=&#8221;off&#8221; background_enable_mask_style=&#8221;on&#8221; background_mask_style=&#8221;arch&#8221; background_mask_aspect_ratio=&#8221;square&#8221; z_index=&#8221;0&#8243; custom_padding=&#8221;10vh||15vh||false|false&#8221; locked=&#8221;off&#8221; global_colors_info=&#8221;{}&#8221;][et_pb_row _builder_version=&#8221;4.25.1&#8243; _module_preset=&#8221;default&#8221; custom_padding=&#8221;6vh||6vh||true|false&#8221; global_colors_info=&#8221;{}&#8221;][et_pb_column type=&#8221;4_4&#8243; _builder_version=&#8221;4.25.0&#8243; _module_preset=&#8221;default&#8221; global_colors_info=&#8221;{}&#8221;][et_pb_image src=&#8221;https:\/\/inplemedia.com\/wp-content\/uploads\/2024\/08\/Trevo.png&#8221; title_text=&#8221;Trevo&#8221; align=&#8221;center&#8221; force_fullwidth=&#8221;on&#8221; _builder_version=&#8221;4.27.0&#8243; _module_preset=&#8221;default&#8221; module_alignment=&#8221;center&#8221; animation_style=&#8221;fold&#8221; animation_direction=&#8221;left&#8221; global_colors_info=&#8221;{}&#8221;][\/et_pb_image][et_pb_button button_url=&#8221;@ET-DC@eyJkeW5hbWljIjp0cnVlLCJjb250ZW50IjoicG9zdF9saW5rX3VybF9wYWdlIiwic2V0dGluZ3MiOnsicG9zdF9pZCI6IjM4In19@&#8221; button_text=&#8221;Saber mais&#8221; button_alignment=&#8221;center&#8221; _builder_version=&#8221;4.27.0&#8243; _dynamic_attributes=&#8221;button_url&#8221; _module_preset=&#8221;default&#8221; custom_button=&#8221;on&#8221; button_text_color=&#8221;#FFFFFF&#8221; button_bg_color=&#8221;#2a40af&#8221; button_icon=&#8221;&#xf291;||fa||900&#8243; position_origin_a=&#8221;center_center&#8221; position_origin_f=&#8221;center_center&#8221; position_origin_r=&#8221;top_right&#8221; animation_style=&#8221;fade&#8221; scroll_vertical_motion=&#8221;29|95|95|100|4|0|-4&#8243; scroll_fade=&#8221;0|6|6|100|0|100|100&#8243; box_shadow_style=&#8221;preset3&#8243; global_colors_info=&#8221;{}&#8221;][\/et_pb_button][\/et_pb_column][\/et_pb_row][et_pb_row _builder_version=&#8221;4.25.1&#8243; _module_preset=&#8221;default&#8221; background_color=&#8221;#FFFFFF&#8221; z_index=&#8221;500&#8243; custom_padding=&#8221;4vh|4vw|4vh|4vw|true|true&#8221; animation_style=&#8221;fade&#8221; border_radii=&#8221;on|10px|10px|10px|10px&#8221; box_shadow_style=&#8221;preset1&#8243; global_colors_info=&#8221;{}&#8221;][et_pb_column type=&#8221;4_4&#8243; _builder_version=&#8221;4.25.0&#8243; _module_preset=&#8221;default&#8221; global_colors_info=&#8221;{}&#8221;][et_pb_text _builder_version=&#8221;4.27.0&#8243; _module_preset=&#8221;default&#8221; text_font=&#8221;Comfortaa|500|||||||&#8221; text_font_size=&#8221;1rem&#8221; header_font=&#8221;Comfortaa||||||||&#8221; header_text_align=&#8221;justify&#8221; header_font_size=&#8221;2rem&#8221; text_orientation=&#8221;justified&#8221; width=&#8221;100%&#8221; max_width=&#8221;100%&#8221; global_colors_info=&#8221;{}&#8221;]<\/p>\n<p>Entra nesta aventura m\u00e1gica e vem <span style=\"color: #2a40af;\">&#8220;Descobrir Braga: \u00c0 Procura do Trevo M\u00e1gico. Jogos, Aventura e Enigmas para Crian\u00e7as Curiosas.&#8221;<\/span><\/p>\n<p>O que significa para descobrir um lugar, um tesouro ou algo sobre si pr\u00f3prio?<\/p>\n<p>Os mais pequenos t\u00eam uma tend\u00eancia natural para fazer perguntas e para se aventurarem rumo ao desconhecido. \u00c9 uma esp\u00e9cie de jogo que favorece a aprendizagem sem descurar a alegria associada \u00e0 novidade. Aprendemos melhor quando estamos predispostos e quando o ambiente \u00e0 nossa volta nos inspira.<\/p>\n<p>Este livro para crian\u00e7as prop\u00f5e uma nova forma para explorar uma cidade refor\u00e7ando, ao mesmo tempo, valores que fazem parte de quem somos e, mais importante, de quem queremos ser.<\/p>\n<p>&nbsp;<\/p>\n<p>[\/et_pb_text][\/et_pb_column][\/et_pb_row][et_pb_row column_structure=&#8221;1_2,1_2&#8243; _builder_version=&#8221;4.25.1&#8243; _module_preset=&#8221;default&#8221; background_color=&#8221;#FFFFFF&#8221; z_index=&#8221;500&#8243; custom_margin=&#8221;8vh||||false|false&#8221; custom_padding=&#8221;4vh|3vw|4vh|3vw|true|true&#8221; border_radii=&#8221;on|10px|10px|10px|10px&#8221; box_shadow_style=&#8221;preset1&#8243; locked=&#8221;off&#8221; global_colors_info=&#8221;{}&#8221;][et_pb_column type=&#8221;1_2&#8243; _builder_version=&#8221;4.25.0&#8243; _module_preset=&#8221;default&#8221; global_colors_info=&#8221;{}&#8221;][et_pb_text _builder_version=&#8221;4.25.1&#8243; _module_preset=&#8221;default&#8221; text_font=&#8221;Comfortaa||||||||&#8221; text_font_size=&#8221;1rem&#8221; header_3_font=&#8221;|600|||||||&#8221; header_3_text_color=&#8221;#2A40AF&#8221; header_3_font_size=&#8221;1.5rem&#8221; header_3_line_height=&#8221;2em&#8221; text_orientation=&#8221;justified&#8221; global_colors_info=&#8221;{}&#8221;]<\/p>\n<p>Bem-vindos ao mundo m\u00e1gico do <strong>Trevim<\/strong>, um assistente virtual interativo com quem podes falar sobre esta aventura. Fica a saber quem \u00e9 o Tom\u00e1s, o jovem explorador que encontrou o mapa para chegar ao <em>Trevo M\u00e1gico<\/em> e muito mais!\u00a0<\/p>\n<h3>Como interagir com o Trevim?<\/h3>\n<ol>\n<li><strong>Inicia a Conversa<\/strong><\/li>\n<li><strong>Explora a Hist\u00f3ria<\/strong><strong style=\"font-size: 16px;\">\u00a0<\/strong><\/li>\n<li><strong>Agradece ao Trevim no Final<\/strong><strong><\/strong><\/li>\n<\/ol>\n<p>&nbsp;<\/p>\n<p>[\/et_pb_text][\/et_pb_column][et_pb_column type=&#8221;1_2&#8243; _builder_version=&#8221;4.25.0&#8243; _module_preset=&#8221;default&#8221; global_colors_info=&#8221;{}&#8221;][et_pb_code _builder_version=&#8221;4.25.1&#8243; _module_preset=&#8221;default&#8221; border_radii=&#8221;on|10px|10px|10px|10px&#8221; locked=&#8221;on&#8221; global_colors_info=&#8221;{}&#8221;]<iframe<!-- [et_pb_line_break_holder] -->  src=&#8221;https:\/\/app.gpt-trainer.com\/widget\/8f3f546097954d41b5f77a16b81d4d6b&#8221;<!-- [et_pb_line_break_holder] -->  width=&#8221;100%&#8221;<!-- [et_pb_line_break_holder] -->  height=&#8221;500px&#8221;<!-- [et_pb_line_break_holder] -->  frameborder=&#8221;0&#8243;<!-- [et_pb_line_break_holder] -->><\/iframe>[\/et_pb_code][\/et_pb_column][\/et_pb_row][et_pb_row _builder_version=&#8221;4.27.4&#8243; _module_preset=&#8221;default&#8221; global_colors_info=&#8221;{}&#8221;][et_pb_column type=&#8221;4_4&#8243; _builder_version=&#8221;4.27.4&#8243; _module_preset=&#8221;default&#8221; global_colors_info=&#8221;{}&#8221;][et_pb_text _builder_version=&#8221;4.27.4&#8243; _module_preset=&#8221;default&#8221; text_font=&#8221;|700|||||||&#8221; text_text_color=&#8221;#FFFFFF&#8221; text_font_size=&#8221;2em&#8221; background_color=&#8221;#2A40AF&#8221; text_orientation=&#8221;center&#8221; width=&#8221;50%&#8221; module_alignment=&#8221;center&#8221; custom_margin=&#8221;4vh||4vh||true|false&#8221; custom_padding=&#8221;1vh||1vh||true|false&#8221; hover_enabled=&#8221;0&#8243; border_radii=&#8221;on|20px|20px|20px|20px&#8221; border_width_all=&#8221;2px&#8221; border_color_all=&#8221;#FFFFFF&#8221; box_shadow_style=&#8221;preset1&#8243; global_colors_info=&#8221;{}&#8221; text_font_size_last_edited=&#8221;on|phone&#8221; text_font_size_tablet=&#8221;1.4em&#8221; sticky_enabled=&#8221;0&#8243; text_font_size_phone=&#8221;1.2em&#8221;]<\/p>\n<p>Locais de venda<\/p>\n<p>[\/et_pb_text][\/et_pb_column][\/et_pb_row][et_pb_row column_structure=&#8221;1_5,1_5,1_5,1_5,1_5&#8243; use_custom_gutter=&#8221;on&#8221; make_equal=&#8221;on&#8221; _builder_version=&#8221;4.27.4&#8243; _module_preset=&#8221;default&#8221; background_color=&#8221;#FFFFFF&#8221; width=&#8221;95%&#8221; max_width=&#8221;100%&#8221; module_alignment=&#8221;center&#8221; custom_padding=&#8221;|2vw||2vw|false|true&#8221; border_radii=&#8221;on|20px|20px|20px|20px&#8221; border_width_all=&#8221;1px&#8221; border_color_all=&#8221;#2A40AF&#8221; box_shadow_style=&#8221;preset1&#8243; global_colors_info=&#8221;{}&#8221;][et_pb_column type=&#8221;1_5&#8243; _builder_version=&#8221;4.27.4&#8243; _module_preset=&#8221;default&#8221; global_colors_info=&#8221;{}&#8221;][et_pb_blurb title=&#8221;Livraria Cent\u00e9sima P\u00e1gina&#8221; url=&#8221;https:\/\/centesima.com\/&#8221; url_new_window=&#8221;on&#8221; image=&#8221;https:\/\/inplemedia.com\/wp-content\/uploads\/2025\/01\/logo_100.png&#8221; image_icon_width=&#8221;38%&#8221; _builder_version=&#8221;4.27.4&#8243; _module_preset=&#8221;default&#8221; header_text_align=&#8221;center&#8221; header_text_color=&#8221;#000000&#8243; header_font_size=&#8221;0.8em&#8221; header_line_height=&#8221;1.3em&#8221; global_colors_info=&#8221;{}&#8221;][\/et_pb_blurb][\/et_pb_column][et_pb_column type=&#8221;1_5&#8243; _builder_version=&#8221;4.27.4&#8243; _module_preset=&#8221;default&#8221; global_colors_info=&#8221;{}&#8221;][et_pb_blurb title=&#8221;Livraria Di\u00e1rio do Minho&#8221; url=&#8221;https:\/\/livrariadm.pt\/&#8221; url_new_window=&#8221;on&#8221; image=&#8221;https:\/\/inplemedia.com\/wp-content\/uploads\/2025\/01\/livraria-dm.png&#8221; _builder_version=&#8221;4.27.4&#8243; _module_preset=&#8221;default&#8221; header_text_align=&#8221;center&#8221; header_text_color=&#8221;#000000&#8243; header_font_size=&#8221;0.8em&#8221; global_colors_info=&#8221;{}&#8221;][\/et_pb_blurb][\/et_pb_column][et_pb_column type=&#8221;1_5&#8243; _builder_version=&#8221;4.27.4&#8243; _module_preset=&#8221;default&#8221; global_colors_info=&#8221;{}&#8221;][et_pb_blurb title=&#8221;Museu Arqueol\u00f3gico D. Diogo de Sousa&#8221; url=&#8221;https:\/\/www.museuddiogodesousa.gov.pt\/&#8221; url_new_window=&#8221;on&#8221; image=&#8221;https:\/\/inplemedia.com\/wp-content\/uploads\/2025\/01\/logo-MDDS_V03_horizontal_cor_positivo-2646&#215;1181-fundo-transp.png&#8221; image_icon_width=&#8221;83%&#8221; _builder_version=&#8221;4.27.4&#8243; _module_preset=&#8221;default&#8221; header_text_align=&#8221;center&#8221; header_text_color=&#8221;#000000&#8243; header_font_size=&#8221;0.8em&#8221; hover_enabled=&#8221;0&#8243; global_colors_info=&#8221;{}&#8221; image_icon_width_last_edited=&#8221;on|tablet&#8221; image_icon_width_tablet=&#8221;60%&#8221; sticky_enabled=&#8221;0&#8243; image_icon_width_phone=&#8221;60%&#8221;][\/et_pb_blurb][\/et_pb_column][et_pb_column type=&#8221;1_5&#8243; _builder_version=&#8221;4.27.4&#8243; _module_preset=&#8221;default&#8221; global_colors_info=&#8221;{}&#8221;][et_pb_blurb title=&#8221;Livraria Bracara&#8221; url=&#8221;https:\/\/www.livrariabracara.com\/&#8221; url_new_window=&#8221;on&#8221; image=&#8221;https:\/\/inplemedia.com\/wp-content\/uploads\/2025\/01\/logo_bracara.png&#8221; image_icon_width=&#8221;33%&#8221; _builder_version=&#8221;4.27.4&#8243; _module_preset=&#8221;default&#8221; header_text_align=&#8221;center&#8221; header_text_color=&#8221;#000000&#8243; header_font_size=&#8221;0.8em&#8221; child_mix_blend_mode=&#8221;exclusion&#8221; hover_enabled=&#8221;0&#8243; global_colors_info=&#8221;{}&#8221; image_icon_width_last_edited=&#8221;on|tablet&#8221; image_icon_width_tablet=&#8221;17%&#8221; sticky_enabled=&#8221;0&#8243; image_icon_width_phone=&#8221;17%&#8221;][\/et_pb_blurb][\/et_pb_column][et_pb_column type=&#8221;1_5&#8243; _builder_version=&#8221;4.27.4&#8243; _module_preset=&#8221;default&#8221; global_colors_info=&#8221;{}&#8221;][et_pb_blurb title=&#8221;Museu Pio XII&#8221; url=&#8221;https:\/\/www.museupioxii.pt\/&#8221; url_new_window=&#8221;on&#8221; image=&#8221;https:\/\/inplemedia.com\/wp-content\/uploads\/2025\/01\/museupioxii.png&#8221; _builder_version=&#8221;4.27.4&#8243; _module_preset=&#8221;default&#8221; header_text_align=&#8221;center&#8221; header_text_color=&#8221;#000000&#8243; header_font_size=&#8221;0.8em&#8221; hover_enabled=&#8221;0&#8243; global_colors_info=&#8221;{}&#8221; image_icon_width_last_edited=&#8221;on|tablet&#8221; image_icon_width_tablet=&#8221;45%&#8221; sticky_enabled=&#8221;0&#8243; image_icon_width_phone=&#8221;45%&#8221;][\/et_pb_blurb][\/et_pb_column][\/et_pb_row][\/et_pb_section]<\/p>\n","protected":false},"excerpt":{"rendered":"<p>Entra nesta aventura m\u00e1gica e vem &#8220;Descobrir Braga: \u00c0 Procura do Trevo M\u00e1gico. Jogos, Aventura e Enigmas para Crian\u00e7as Curiosas.&#8221; O que significa para descobrir um lugar, um tesouro ou algo sobre si pr\u00f3prio? Os mais pequenos t\u00eam uma tend\u00eancia natural para fazer perguntas e para se aventurarem rumo ao desconhecido. \u00c9 uma esp\u00e9cie de [&hellip;]<\/p>\n","protected":false},"author":1,"featured_media":0,"parent":0,"menu_order":0,"comment_status":"closed","ping_status":"closed","template":"","meta":{"_et_pb_use_builder":"on","_et_pb_old_content":"","_et_gb_content_width":"","footnotes":""},"class_list":["post-10","page","type-page","status-publish","hentry"],"_links":{"self":[{"href":"https:\/\/inplemedia.com\/en\/wp-json\/wp\/v2\/pages\/10","targetHints":{"allow":["GET"]}}],"collection":[{"href":"https:\/\/inplemedia.com\/en\/wp-json\/wp\/v2\/pages"}],"about":[{"href":"https:\/\/inplemedia.com\/en\/wp-json\/wp\/v2\/types\/page"}],"author":[{"embeddable":true,"href":"https:\/\/inplemedia.com\/en\/wp-json\/wp\/v2\/users\/1"}],"replies":[{"embeddable":true,"href":"https:\/\/inplemedia.com\/en\/wp-json\/wp\/v2\/comments?post=10"}],"version-history":[{"count":6,"href":"https:\/\/inplemedia.com\/en\/wp-json\/wp\/v2\/pages\/10\/revisions"}],"predecessor-version":[{"id":341,"href":"https:\/\/inplemedia.com\/en\/wp-json\/wp\/v2\/pages\/10\/revisions\/341"}],"wp:attachment":[{"href":"https:\/\/inplemedia.com\/en\/wp-json\/wp\/v2\/media?parent=10"}],"curies":[{"name":"wp","href":"https:\/\/api.w.org\/{rel}","templated":true}]}}