{"id":3,"date":"2024-03-27T09:05:23","date_gmt":"2024-03-27T09:05:23","guid":{"rendered":"https:\/\/inplemedia.com\/?page_id=3"},"modified":"2024-08-28T07:46:59","modified_gmt":"2024-08-28T07:46:59","slug":"privacy-policy","status":"publish","type":"page","link":"https:\/\/inplemedia.com\/es\/privacy-policy\/","title":{"rendered":"Pol\u00edtica de Privacidad"},"content":{"rendered":"<p>[et_pb_section fb_built=&#8221;1&#8243; _builder_version=&#8221;4.16&#8243; global_colors_info=&#8221;{}&#8221;][et_pb_row _builder_version=&#8221;4.16&#8243; background_size=&#8221;initial&#8221; background_position=&#8221;top_left&#8221; background_repeat=&#8221;repeat&#8221; global_colors_info=&#8221;{}&#8221;][et_pb_column type=&#8221;4_4&#8243; _builder_version=&#8221;4.16&#8243; custom_padding=&#8221;|||&#8221; global_colors_info=&#8221;{}&#8221; custom_padding__hover=&#8221;|||&#8221;][et_pb_text _builder_version=&#8221;4.27.0&#8243; background_size=&#8221;initial&#8221; background_position=&#8221;top_left&#8221; background_repeat=&#8221;repeat&#8221; global_colors_info=&#8221;{}&#8221;]<\/p>\n<p>Pol\u00edtica de Privacidade &amp; Pol\u00edtica de Cookies<\/p>\n<p>Esta Pol\u00edtica de Privacidade regula o tratamento dos dados pessoais dos utilizadores (designados por \u201cUtilizador\u201d ou \u201cUtilizadores\u201d) recolhidos, no \u00e2mbito da utiliza\u00e7\u00e3o do website (tamb\u00e9m designado por site) com o endere\u00e7o www.inplemedia.com e reflete as preocupa\u00e7\u00f5es em mat\u00e9ria de privacidade e tratamento de dados pessoais dos Utilizadores.<br \/>O website www.inplemedia.com \u00e9 uma plataforma de partilha que tem como principal atividade a divulga\u00e7\u00e3o de conte\u00fados atrav\u00e9s de entrevistas (formato \u00e1udio, v\u00eddeo e texto), livros e de artigos sobre diversos temas.<br \/>A disponibiliza\u00e7\u00e3o de dados pessoais no contexto da navega\u00e7\u00e3o no site implica o conhecimento e aceita\u00e7\u00e3o expressa das condi\u00e7\u00f5es constantes desta Pol\u00edtica de Privacidade e Cookies.<\/p>\n<p>1 &#8211; Recolha e tratamento de dados pessoais<\/p>\n<p>1.1 \u2013 O website &#8211; www.inplemedia.com<\/p>\n<p>O website www.inplemedia.com \u00e9 a entidade respons\u00e1vel pelo tratamento dos dados pessoais dos Utilizadores recolhidos atrav\u00e9s do mesmo que ser\u00e3o tratados nos termos ora descritos, bem como, para efeitos de cumprimento de obriga\u00e7\u00f5es legais e regulat\u00f3rias.<\/p>\n<p>1.2 &#8211; Utiliza\u00e7\u00e3o do site<\/p>\n<p>O acesso e navega\u00e7\u00e3o no site n\u00e3o implicam necessariamente a disponibiliza\u00e7\u00e3o de dados pessoais. No entanto, ao submeter, por exemplo, o formul\u00e1rio de contacto ser-lhe-\u00e3o pedidos dados como o seu nome e e-mail.<\/p>\n<p>1.3 &#8211; Dados de identifica\u00e7\u00e3o e de contacto<\/p>\n<p>Caso pretenda contactar o Inple Media atrav\u00e9s do site ser\u00e1 feita a recolha de dados pessoais, que s\u00e3o tratados para dar resposta ao seu pedido\/quest\u00e3o\/partilha\/ agradecimento\/ sugest\u00e3o. Para o efeito, s\u00e3o recolhidos no formul\u00e1rio de contacto os seguintes dados pessoais: nome e e-mail relacionados com o seu pedido\/quest\u00e3o\/partilha\/ agradecimento\/sugest\u00e3o.<\/p>\n<p>2 &#8211; Utiliza\u00e7\u00e3o dos dados pessoais<\/p>\n<p>&#8211; O website www.inplemedia.com trata os dados pessoais para as finalidades de gest\u00e3o de contactos com os Utilizadores, nomeadamente, para dar resposta aos seus pedidos\/quest\u00f5es\/ sugest\u00f5es.<\/p>\n<p>&#8211; A sua navega\u00e7\u00e3o atrav\u00e9s do site pode, tamb\u00e9m, ser monitorizada para fins estat\u00edsticos, bem como, para fins de publicidade, nomeadamente, publicidade direcionada.<\/p>\n<p>3 &#8211; Com quem o www.inplemedia.com pode partilhar os dados:<\/p>\n<p>&#8211; Prestadores de servi\u00e7os de suporte inform\u00e1tico, t\u00e9cnico e operacional;<\/p>\n<p>&#8211; \u00d3rg\u00e3os Judiciais, \u00f3rg\u00e3os de Pol\u00edcia, Autoridades Administrativas, designadamente entidades p\u00fablicas nacionais ou internacionais com fun\u00e7\u00e3o de supervis\u00e3o e regula\u00e7\u00e3o.<\/p>\n<p>4 &#8211; Conserva\u00e7\u00e3o dos dados pessoais<\/p>\n<p>Os dados pessoais recolhidos necess\u00e1rios para efeitos da resposta aos seus pedidos\/quest\u00f5es\/sugest\u00f5es ser\u00e3o conservados pelo per\u00edodo estritamente necess\u00e1rio para esse efeito, podendo sempre ser conservados, em caso de lit\u00edgio pendente, at\u00e9 tr\u00e2nsito em julgado da decis\u00e3o que ponha termo \u00e0 causa.<\/p>\n<p>5 &#8211; Cookies<\/p>\n<p>&#8211; Um cookie \u00e9 um pequeno ficheiro informativo que \u00e9 instalado no browser do leitor e armazenado no respetivo computador quando visita um site. S\u00e3o utilizados cookies, por regra, para melhorar a experi\u00eancia do utilizador do site e o desempenho do site.<\/p>\n<p>&#8211; De facto, o website www.inplemedia.com utiliza cookies e outras tecnologias de rastreio semelhantes para o distinguir de outros utilizadores aquando do uso do site. Estas tecnologias ajudam-nos a proporcionar-lhe uma melhor experi\u00eancia sempre que navegue no site, permitindo uma melhoria do mesmo.<\/p>\n<p>6 &#8211; Direitos do utilizador<\/p>\n<p>Nos termos da legisla\u00e7\u00e3o aplic\u00e1vel, poder\u00e1 solicitar, a todo o momento, o acesso aos dados pessoais que lhe digam respeito, bem como a sua retifica\u00e7\u00e3o, elimina\u00e7\u00e3o ou a limita\u00e7\u00e3o do seu tratamento, a portabilidade dos seus dados, ou opor-se ao seu tratamento. Poder\u00e1 exercer estes direitos mediante um pedido por escrito, enviando um e-mail para hello@inplemedia.com.<\/p>\n<p>7 &#8211; Seguran\u00e7a<\/p>\n<p>O website www.inplemedia.com garante a privacidade e seguran\u00e7a na transmiss\u00e3o dos dados dos Utilizadores<\/p>\n<p>8 &#8211; P\u00e1ginas de terceiros\u00a0<\/p>\n<p>Atrav\u00e9s do nosso site, disponibilizamos liga\u00e7\u00f5es para websites de terceiros, que est\u00e3o sujeitos a Pol\u00edticas de Privacidade independentes. Tenha em considera\u00e7\u00e3o que a presente Pol\u00edtica de Privacidade n\u00e3o se aplica a tais websites. O site www.inplemedia.com n\u00e3o \u00e9 respons\u00e1vel pela recolha de informa\u00e7\u00f5es suas por parte dos referidos terceiros atrav\u00e9s dos respetivos websites. Caso tenha d\u00favidas relativamente ao tratamento de dados destes websites terceiros, deve consultar as pol\u00edticas de privacidade dos mesmos.<\/p>\n<p>9 &#8211; Altera\u00e7\u00f5es \u00e0 presente pol\u00edtica de privacidade e pol\u00edtica de cookies<\/p>\n<p>O www.inplemedia.com poder\u00e1 atualizar esta pol\u00edtica de privacidade e a pol\u00edtica de cookies, raz\u00e3o pela qual recomendamos a sua leitura peri\u00f3dica com o objetivo de se manter informado.<\/p>\n<p>[\/et_pb_text][\/et_pb_column][\/et_pb_row][\/et_pb_section]<\/p>\n","protected":false},"excerpt":{"rendered":"<p>Pol\u00edtica de Privacidade &amp; Pol\u00edtica de Cookies Esta Pol\u00edtica de Privacidade regula o tratamento dos dados pessoais dos utilizadores (designados por \u201cUtilizador\u201d ou \u201cUtilizadores\u201d) recolhidos, no \u00e2mbito da utiliza\u00e7\u00e3o do website (tamb\u00e9m designado por site) com o endere\u00e7o www.inplemedia.com e reflete as preocupa\u00e7\u00f5es em mat\u00e9ria de privacidade e tratamento de dados pessoais dos Utilizadores.O website [&hellip;]<\/p>\n","protected":false},"author":1,"featured_media":0,"parent":0,"menu_order":0,"comment_status":"closed","ping_status":"closed","template":"","meta":{"_et_pb_use_builder":"on","_et_pb_old_content":"<!-- wp:paragraph -->\n<p><strong>Pol\u00edtica de Privacidade &amp; Cookies<\/strong><\/p>\n<!-- \/wp:paragraph -->\n\n<!-- wp:paragraph -->\n<p>Esta Pol\u00edtica de Privacidade regula o tratamento dos dados pessoais dos utilizadores (designados por \u201cUtilizador\u201d ou \u201cUtilizadores\u201d) recolhidos, no \u00e2mbito da utiliza\u00e7\u00e3o do website (tamb\u00e9m designado por site) com o endere\u00e7o www.inplemedia.com e reflete as preocupa\u00e7\u00f5es em mat\u00e9ria de privacidade e tratamento de dados pessoais dos Utilizadores.<br>O website www.inplemedia.com \u00e9 uma plataforma de partilha de hist\u00f3rias que tem como principal atividade a divulga\u00e7\u00e3o de conte\u00fados atrav\u00e9s de entrevistas (em formato \u00e1udio, v\u00eddeo e texto), livros e de artigos (blogue) sobre diversos temas.<br>A disponibiliza\u00e7\u00e3o de dados pessoais no contexto da navega\u00e7\u00e3o no site implica o conhecimento e aceita\u00e7\u00e3o expressa das condi\u00e7\u00f5es constantes desta Pol\u00edtica de Privacidade e Cookies.<\/p>\n<!-- \/wp:paragraph -->\n\n<!-- wp:list {\"ordered\":true} -->\n<ol class=\"wp-block-list\"><!-- wp:list-item -->\n<li><strong>Recolha e tratamento de dados pessoais<\/strong><\/li>\n<!-- \/wp:list-item --><\/ol>\n<!-- \/wp:list -->\n\n<!-- wp:paragraph -->\n<p>1.1 \u2013 O website - www.inplemedia.com<\/p>\n<!-- \/wp:paragraph -->\n\n<!-- wp:paragraph -->\n<p>O website www.inplemedia.com \u00e9 a entidade respons\u00e1vel pelo tratamento dos dados pessoais dos Utilizadores recolhidos atrav\u00e9s do mesmo que ser\u00e3o tratados nos termos ora descritos, bem como para efeitos de cumprimento de obriga\u00e7\u00f5es legais e regulat\u00f3rias.<\/p>\n<!-- \/wp:paragraph -->\n\n<!-- wp:paragraph -->\n<p>1.2 - Utiliza\u00e7\u00e3o do Site<br>O acesso e navega\u00e7\u00e3o no site n\u00e3o implicam necessariamente a disponibiliza\u00e7\u00e3o de dados pessoais. No entanto, ao submeter, por exemplo, o formul\u00e1rio de contacto ser-lhe-\u00e3o pedidos dados como o seu nome e e-mail.<\/p>\n<!-- \/wp:paragraph -->\n\n<!-- wp:paragraph -->\n<p>1.3 - Dados de identifica\u00e7\u00e3o e de contacto<br>Caso pretenda contactar o Inple Media atrav\u00e9s do site ser\u00e1 feita a recolha de dados pessoais, que s\u00e3o tratados para dar resposta ao seu pedido\/quest\u00e3o\/partilha\/ agradecimento\/ sugest\u00e3o. Para o efeito, s\u00e3o recolhidos no formul\u00e1rio de contacto os seguintes dados pessoais: nome e e-mail relacionados com o seu pedido\/quest\u00e3o\/partilha\/ agradecimento\/sugest\u00e3o.<\/p>\n<!-- \/wp:paragraph -->\n\n<!-- wp:list {\"ordered\":true,\"start\":2} -->\n<ol start=\"2\" class=\"wp-block-list\"><!-- wp:list-item -->\n<li><strong>Utiliza\u00e7\u00e3o dos Dados Pessoais<\/strong><br>2.1 \u2013 O website www.inplemedia.com trata os dados pessoais para as finalidades de gest\u00e3o de contactos com os Utilizadores, nomeadamente, para dar resposta aos seus pedidos\/quest\u00f5es\/ sugest\u00f5es.<\/li>\n<!-- \/wp:list-item --><\/ol>\n<!-- \/wp:list -->\n\n<!-- wp:paragraph -->\n<p>2.2 - A sua navega\u00e7\u00e3o atrav\u00e9s do site pode, tamb\u00e9m, ser monitorizada para fins estat\u00edsticos, bem como, para fins de publicidade, nomeadamente, publicidade direcionada.<\/p>\n<!-- \/wp:paragraph -->\n\n<!-- wp:list {\"ordered\":true,\"start\":3} -->\n<ol start=\"3\" class=\"wp-block-list\"><!-- wp:list-item -->\n<li><strong>Com quem o www.inplemedia.com pode partilhar os dados:<\/strong><\/li>\n<!-- \/wp:list-item --><\/ol>\n<!-- \/wp:list -->\n\n<!-- wp:list -->\n<ul class=\"wp-block-list\"><!-- wp:list-item -->\n<li>Prestadores de servi\u00e7os de suporte inform\u00e1tico, t\u00e9cnico e operacional;<\/li>\n<!-- \/wp:list-item -->\n\n<!-- wp:list-item -->\n<li>\u00d3rg\u00e3os Judiciais, \u00f3rg\u00e3os de Pol\u00edcia, Autoridades Administrativas, designadamente entidades p\u00fablicas nacionais ou internacionais com fun\u00e7\u00e3o de supervis\u00e3o e regula\u00e7\u00e3o.<\/li>\n<!-- \/wp:list-item --><\/ul>\n<!-- \/wp:list -->\n\n<!-- wp:list {\"ordered\":true,\"start\":4} -->\n<ol start=\"4\" class=\"wp-block-list\"><!-- wp:list-item -->\n<li><strong>Conserva\u00e7\u00e3o dos dados pessoais<\/strong><br>Os dados pessoais recolhidos necess\u00e1rios para efeitos da resposta aos seus pedidos\/quest\u00f5es\/sugest\u00f5es ser\u00e3o conservados pelo per\u00edodo estritamente necess\u00e1rio para esse efeito, podendo sempre ser conservados, em caso de lit\u00edgio pendente, at\u00e9 tr\u00e2nsito em julgado da decis\u00e3o que ponha termo \u00e0 causa.<\/li>\n<!-- \/wp:list-item -->\n\n<!-- wp:list-item -->\n<li><strong>Cookies<\/strong><br>5.1 - Um cookie \u00e9 um pequeno ficheiro informativo que \u00e9 instalado no browser do leitor e armazenado no respetivo computador quando visita um site. S\u00e3o utilizados cookies, por regra, para melhorar a experi\u00eancia do utilizador do site e o desempenho do site.<\/li>\n<!-- \/wp:list-item --><\/ol>\n<!-- \/wp:list -->\n\n<!-- wp:paragraph -->\n<p>5.2 - De facto, o website www.inplemedia.com utiliza cookies e outras tecnologias de rastreio semelhantes para o distinguir de outros utilizadores aquando do uso do site. Estas tecnologias ajudam-nos a proporcionar-lhe uma melhor experi\u00eancia sempre que navegue no site, permitindo uma melhoria do mesmo.<\/p>\n<!-- \/wp:paragraph -->\n\n<!-- wp:list {\"ordered\":true,\"start\":6} -->\n<ol start=\"6\" class=\"wp-block-list\"><!-- wp:list-item -->\n<li><strong>Direitos do utilizador<\/strong><br>Nos termos da legisla\u00e7\u00e3o aplic\u00e1vel, poder\u00e1 solicitar, a todo o momento, o acesso aos dados pessoais que lhe digam respeito, bem como a sua retifica\u00e7\u00e3o, elimina\u00e7\u00e3o ou a limita\u00e7\u00e3o do seu tratamento, a portabilidade dos seus dados, ou opor-se ao seu tratamento. Poder\u00e1 exercer estes direitos mediante um pedido por escrito, enviando um e-mail para hello@inplemedia.com<\/li>\n<!-- \/wp:list-item -->\n\n<!-- wp:list-item -->\n<li><strong>Seguran\u00e7a<\/strong><br>O website www.inplemedia.com garante a privacidade e seguran\u00e7a na transmiss\u00e3o dos dados dos Utilizadores.<\/li>\n<!-- \/wp:list-item -->\n\n<!-- wp:list-item -->\n<li><strong>P\u00e1ginas de terceiros<\/strong><br>Atrav\u00e9s do nosso site, disponibilizamos liga\u00e7\u00f5es para websites de terceiros, que est\u00e3o sujeitos a Pol\u00edticas de Privacidade independentes. Tenha em considera\u00e7\u00e3o que a presente Pol\u00edtica de Privacidade n\u00e3o se aplica a tais websites. O site www.inplemedia.com n\u00e3o \u00e9 respons\u00e1vel pela recolha de informa\u00e7\u00f5es suas por parte dos referidos terceiros atrav\u00e9s dos respetivos websites. Caso tenha d\u00favidas relativamente ao tratamento de dados destes websites terceiros, deve consultar as pol\u00edticas de privacidade dos mesmos.<\/li>\n<!-- \/wp:list-item -->\n\n<!-- wp:list-item -->\n<li><strong>Altera\u00e7\u00f5es \u00e0 presente pol\u00edtica de privacidade e de cookies.<\/strong><br>O www.inplemedia.com poder\u00e1 atualizar esta Pol\u00edtica de Privacidade e de Cookies, raz\u00e3o pela qual recomendamos a sua leitura peri\u00f3dica com o objetivo de se manter informado.<\/li>\n<!-- \/wp:list-item --><\/ol>\n<!-- \/wp:list -->","_et_gb_content_width":"1080","footnotes":""},"class_list":["post-3","page","type-page","status-publish","hentry"],"_links":{"self":[{"href":"https:\/\/inplemedia.com\/es\/wp-json\/wp\/v2\/pages\/3","targetHints":{"allow":["GET"]}}],"collection":[{"href":"https:\/\/inplemedia.com\/es\/wp-json\/wp\/v2\/pages"}],"about":[{"href":"https:\/\/inplemedia.com\/es\/wp-json\/wp\/v2\/types\/page"}],"author":[{"embeddable":true,"href":"https:\/\/inplemedia.com\/es\/wp-json\/wp\/v2\/users\/1"}],"replies":[{"embeddable":true,"href":"https:\/\/inplemedia.com\/es\/wp-json\/wp\/v2\/comments?post=3"}],"version-history":[{"count":24,"href":"https:\/\/inplemedia.com\/es\/wp-json\/wp\/v2\/pages\/3\/revisions"}],"predecessor-version":[{"id":324,"href":"https:\/\/inplemedia.com\/es\/wp-json\/wp\/v2\/pages\/3\/revisions\/324"}],"wp:attachment":[{"href":"https:\/\/inplemedia.com\/es\/wp-json\/wp\/v2\/media?parent=3"}],"curies":[{"name":"wp","href":"https:\/\/api.w.org\/{rel}","templated":true}]}}